{"id":80,"date":"2017-08-17T09:41:10","date_gmt":"2017-08-17T12:41:10","guid":{"rendered":"http:\/\/www.asinoxdecor.com.br\/site\/?page_id=80"},"modified":"2017-12-13T17:54:11","modified_gmt":"2017-12-13T19:54:11","slug":"portico","status":"publish","type":"page","link":"http:\/\/www.asinoxdecor.com.br\/site\/nossos-produtos\/portico\/","title":{"rendered":"P\u00f3rticos"},"content":{"rendered":"<p>[vc_row][vc_column][vc_column_text css_animation=&#8221;left-to-right&#8221;]<\/p>\n<p style=\"text-align: justify;\">Os P\u00f3rticos em a\u00e7o inox s\u00e3o utilizados em resid\u00eancias, condom\u00ednios, com\u00e9rcios, industrias, ag\u00eancias banc\u00e1rias, podendo ser utilizado na parte externa e interna, tais como: Hall de entrada, Playground, \u00e1rea da piscina, \u00e1reas esportivas, etc. S\u00e3o fabricados em inox 304 com acabamento polido ou escovado.<\/p>\n<p>[\/vc_column_text][vc_column_text css_animation=&#8221;bottom-to-top&#8221;]<\/p>\n\n\t\t<style type=\"text\/css\">\n\t\t\t#gallery-1 {\n\t\t\t\tmargin: auto;\n\t\t\t}\n\t\t\t#gallery-1 .gallery-item {\n\t\t\t\tfloat: left;\n\t\t\t\tmargin-top: 10px;\n\t\t\t\ttext-align: center;\n\t\t\t\twidth: 33%;\n\t\t\t}\n\t\t\t#gallery-1 img {\n\t\t\t\tborder: 2px solid #cfcfcf;\n\t\t\t}\n\t\t\t#gallery-1 .gallery-caption {\n\t\t\t\tmargin-left: 0;\n\t\t\t}\n\t\t\t\/* see gallery_shortcode() in wp-includes\/media.php *\/\n\t\t<\/style>\n\t\t<div id='gallery-1' class='gallery galleryid-237 gallery-columns-3 gallery-size-medium'><dl class='gallery-item'>\n\t\t\t<dt class='gallery-icon landscape'>\n\t\t\t\t<a data-description='' title='069' href='http:\/\/www.asinoxdecor.com.br\/site\/wp-content\/uploads\/2017\/08\/069-1.jpg'><img loading=\"lazy\" decoding=\"async\" width=\"300\" height=\"200\" src=\"http:\/\/www.asinoxdecor.com.br\/site\/wp-content\/uploads\/2017\/08\/069-1-300x200.jpg\" class=\"attachment-medium size-medium\" alt=\"\" srcset=\"http:\/\/www.asinoxdecor.com.br\/site\/wp-content\/uploads\/2017\/08\/069-1-300x200.jpg 300w, http:\/\/www.asinoxdecor.com.br\/site\/wp-content\/uploads\/2017\/08\/069-1-768x512.jpg 768w, http:\/\/www.asinoxdecor.com.br\/site\/wp-content\/uploads\/2017\/08\/069-1.jpg 900w\" sizes=\"(max-width: 300px) 100vw, 300px\" \/><\/a>\n\t\t\t<\/dt><\/dl><dl class='gallery-item'>\n\t\t\t<dt class='gallery-icon landscape'>\n\t\t\t\t<a data-description='' title='082' href='http:\/\/www.asinoxdecor.com.br\/site\/wp-content\/uploads\/2017\/08\/082-1.jpg'><img loading=\"lazy\" decoding=\"async\" width=\"300\" height=\"200\" src=\"http:\/\/www.asinoxdecor.com.br\/site\/wp-content\/uploads\/2017\/08\/082-1-300x200.jpg\" class=\"attachment-medium size-medium\" alt=\"\" srcset=\"http:\/\/www.asinoxdecor.com.br\/site\/wp-content\/uploads\/2017\/08\/082-1-300x200.jpg 300w, http:\/\/www.asinoxdecor.com.br\/site\/wp-content\/uploads\/2017\/08\/082-1-768x512.jpg 768w, http:\/\/www.asinoxdecor.com.br\/site\/wp-content\/uploads\/2017\/08\/082-1.jpg 900w\" sizes=\"(max-width: 300px) 100vw, 300px\" \/><\/a>\n\t\t\t<\/dt><\/dl><dl class='gallery-item'>\n\t\t\t<dt class='gallery-icon landscape'>\n\t\t\t\t<a data-description='' title='80' href='http:\/\/www.asinoxdecor.com.br\/site\/wp-content\/uploads\/2017\/08\/80.jpg'><img loading=\"lazy\" decoding=\"async\" width=\"300\" height=\"200\" src=\"http:\/\/www.asinoxdecor.com.br\/site\/wp-content\/uploads\/2017\/08\/80-300x200.jpg\" class=\"attachment-medium size-medium\" alt=\"\" srcset=\"http:\/\/www.asinoxdecor.com.br\/site\/wp-content\/uploads\/2017\/08\/80-300x200.jpg 300w, http:\/\/www.asinoxdecor.com.br\/site\/wp-content\/uploads\/2017\/08\/80-768x512.jpg 768w, http:\/\/www.asinoxdecor.com.br\/site\/wp-content\/uploads\/2017\/08\/80.jpg 900w\" sizes=\"(max-width: 300px) 100vw, 300px\" \/><\/a>\n\t\t\t<\/dt><\/dl><br style=\"clear: both\" \/><dl class='gallery-item'>\n\t\t\t<dt class='gallery-icon landscape'>\n\t\t\t\t<a data-description='' title='03' href='http:\/\/www.asinoxdecor.com.br\/site\/wp-content\/uploads\/2017\/08\/03-1.jpg'><img loading=\"lazy\" decoding=\"async\" width=\"300\" height=\"200\" src=\"http:\/\/www.asinoxdecor.com.br\/site\/wp-content\/uploads\/2017\/08\/03-1-300x200.jpg\" class=\"attachment-medium size-medium\" alt=\"\" srcset=\"http:\/\/www.asinoxdecor.com.br\/site\/wp-content\/uploads\/2017\/08\/03-1-300x200.jpg 300w, http:\/\/www.asinoxdecor.com.br\/site\/wp-content\/uploads\/2017\/08\/03-1-768x512.jpg 768w, http:\/\/www.asinoxdecor.com.br\/site\/wp-content\/uploads\/2017\/08\/03-1.jpg 900w\" sizes=\"(max-width: 300px) 100vw, 300px\" \/><\/a>\n\t\t\t<\/dt><\/dl><dl class='gallery-item'>\n\t\t\t<dt class='gallery-icon landscape'>\n\t\t\t\t<a data-description='' title='57' href='http:\/\/www.asinoxdecor.com.br\/site\/wp-content\/uploads\/2017\/08\/57.jpg'><img loading=\"lazy\" decoding=\"async\" width=\"300\" height=\"200\" src=\"http:\/\/www.asinoxdecor.com.br\/site\/wp-content\/uploads\/2017\/08\/57-300x200.jpg\" class=\"attachment-medium size-medium\" alt=\"\" srcset=\"http:\/\/www.asinoxdecor.com.br\/site\/wp-content\/uploads\/2017\/08\/57-300x200.jpg 300w, http:\/\/www.asinoxdecor.com.br\/site\/wp-content\/uploads\/2017\/08\/57-768x512.jpg 768w, http:\/\/www.asinoxdecor.com.br\/site\/wp-content\/uploads\/2017\/08\/57.jpg 900w\" sizes=\"(max-width: 300px) 100vw, 300px\" \/><\/a>\n\t\t\t<\/dt><\/dl><dl class='gallery-item'>\n\t\t\t<dt class='gallery-icon portrait'>\n\t\t\t\t<a data-description='' title='77' href='http:\/\/www.asinoxdecor.com.br\/site\/wp-content\/uploads\/2017\/08\/77.jpg'><img loading=\"lazy\" decoding=\"async\" width=\"200\" height=\"300\" src=\"http:\/\/www.asinoxdecor.com.br\/site\/wp-content\/uploads\/2017\/08\/77-200x300.jpg\" class=\"attachment-medium size-medium\" alt=\"\" srcset=\"http:\/\/www.asinoxdecor.com.br\/site\/wp-content\/uploads\/2017\/08\/77-200x300.jpg 200w, http:\/\/www.asinoxdecor.com.br\/site\/wp-content\/uploads\/2017\/08\/77.jpg 400w\" sizes=\"(max-width: 200px) 100vw, 200px\" \/><\/a>\n\t\t\t<\/dt><\/dl><br style=\"clear: both\" \/><dl class='gallery-item'>\n\t\t\t<dt class='gallery-icon portrait'>\n\t\t\t\t<a data-description='' title='48' href='http:\/\/www.asinoxdecor.com.br\/site\/wp-content\/uploads\/2017\/08\/48.jpg'><img loading=\"lazy\" decoding=\"async\" width=\"200\" height=\"300\" src=\"http:\/\/www.asinoxdecor.com.br\/site\/wp-content\/uploads\/2017\/08\/48-200x300.jpg\" class=\"attachment-medium size-medium\" alt=\"\" srcset=\"http:\/\/www.asinoxdecor.com.br\/site\/wp-content\/uploads\/2017\/08\/48-200x300.jpg 200w, http:\/\/www.asinoxdecor.com.br\/site\/wp-content\/uploads\/2017\/08\/48.jpg 400w\" sizes=\"(max-width: 200px) 100vw, 200px\" \/><\/a>\n\t\t\t<\/dt><\/dl><dl class='gallery-item'>\n\t\t\t<dt class='gallery-icon portrait'>\n\t\t\t\t<a data-description='' title='094' href='http:\/\/www.asinoxdecor.com.br\/site\/wp-content\/uploads\/2017\/08\/094.jpg'><img loading=\"lazy\" decoding=\"async\" width=\"165\" height=\"300\" src=\"http:\/\/www.asinoxdecor.com.br\/site\/wp-content\/uploads\/2017\/08\/094-165x300.jpg\" class=\"attachment-medium size-medium\" alt=\"\" srcset=\"http:\/\/www.asinoxdecor.com.br\/site\/wp-content\/uploads\/2017\/08\/094-165x300.jpg 165w, http:\/\/www.asinoxdecor.com.br\/site\/wp-content\/uploads\/2017\/08\/094.jpg 384w\" sizes=\"(max-width: 165px) 100vw, 165px\" \/><\/a>\n\t\t\t<\/dt><\/dl>\n\t\t\t<br style='clear: both' \/>\n\t\t<\/div>\n\n<p>[\/vc_column_text][\/vc_column][\/vc_row]<\/p>\n","protected":false},"excerpt":{"rendered":"<p>[vc_row][vc_column][vc_column_text css_animation=&#8221;left-to-right&#8221;] Os P\u00f3rticos em a\u00e7o inox s\u00e3o utilizados em resid\u00eancias, condom\u00ednios, com\u00e9rcios, industrias, ag\u00eancias banc\u00e1rias, podendo ser utilizado na parte externa e interna, tais como: Hall de entrada, Playground, \u00e1rea da piscina, \u00e1reas esportivas, etc. S\u00e3o fabricados em inox 304 com acabamento polido ou escovado. [\/vc_column_text][vc_column_text css_animation=&#8221;bottom-to-top&#8221;] [\/vc_column_text][\/vc_column][\/vc_row]<\/p>\n","protected":false},"author":1,"featured_media":0,"parent":12,"menu_order":0,"comment_status":"closed","ping_status":"closed","template":"","meta":{"footnotes":""},"_links":{"self":[{"href":"http:\/\/www.asinoxdecor.com.br\/site\/wp-json\/wp\/v2\/pages\/80"}],"collection":[{"href":"http:\/\/www.asinoxdecor.com.br\/site\/wp-json\/wp\/v2\/pages"}],"about":[{"href":"http:\/\/www.asinoxdecor.com.br\/site\/wp-json\/wp\/v2\/types\/page"}],"author":[{"embeddable":true,"href":"http:\/\/www.asinoxdecor.com.br\/site\/wp-json\/wp\/v2\/users\/1"}],"replies":[{"embeddable":true,"href":"http:\/\/www.asinoxdecor.com.br\/site\/wp-json\/wp\/v2\/comments?post=80"}],"version-history":[{"count":7,"href":"http:\/\/www.asinoxdecor.com.br\/site\/wp-json\/wp\/v2\/pages\/80\/revisions"}],"predecessor-version":[{"id":568,"href":"http:\/\/www.asinoxdecor.com.br\/site\/wp-json\/wp\/v2\/pages\/80\/revisions\/568"}],"up":[{"embeddable":true,"href":"http:\/\/www.asinoxdecor.com.br\/site\/wp-json\/wp\/v2\/pages\/12"}],"wp:attachment":[{"href":"http:\/\/www.asinoxdecor.com.br\/site\/wp-json\/wp\/v2\/media?parent=80"}],"curies":[{"name":"wp","href":"https:\/\/api.w.org\/{rel}","templated":true}]}}