{"id":55,"date":"2017-08-14T11:53:57","date_gmt":"2017-08-14T14:53:57","guid":{"rendered":"http:\/\/www.asinoxdecor.com.br\/site\/?page_id=55"},"modified":"2018-08-21T16:26:12","modified_gmt":"2018-08-21T19:26:12","slug":"puxadores","status":"publish","type":"page","link":"http:\/\/www.asinoxdecor.com.br\/site\/nossos-produtos\/puxadores\/","title":{"rendered":"Puxadores"},"content":{"rendered":"<p>[vc_row][vc_column width=&#8221;1\/2&#8243;][vc_single_image image=&#8221;688&#8243; img_size=&#8221;580&#215;288&#8243; style=&#8221;vc_box_shadow_3d&#8221; onclick=&#8221;img_link_large&#8221; css_animation=&#8221;bottom-to-top&#8221;][\/vc_column][vc_column width=&#8221;1\/2&#8243;][vc_column_text css_animation=&#8221;left-to-right&#8221;]<\/p>\n<p style=\"text-align: justify;\">Os puxadores s\u00e3o m\u00f3veis de grande usabilidade, por isso al\u00e9m do desing \u00e9 important\u00edssimo a escolha de produtos de alta durabilidade, e disso a AS Inox Decor entende muito bem e tem a oferecer uma grande variedade de modelos com o tamanho conforme sua necessidade: com perfis redondos, quadrados, retangulares, barra chata, podendo ser utilizados em mobili\u00e1rios de madeira ou vidro.<\/p>\n<p>[\/vc_column_text][\/vc_column][\/vc_row][vc_row][vc_column][vc_tta_tour][vc_tta_section title=&#8221;Puxador Tradicional Redondo&#8221; tab_id=&#8221;Puxador-Tradicional-Redondo&#8221;][vc_single_image image=&#8221;731&#8243; img_size=&#8221;medium&#8221; onclick=&#8221;img_link_large&#8221; css_animation=&#8221;bottom-to-top&#8221;][vc_column_text css_animation=&#8221;left-to-right&#8221;]Puxador Tradicional Redondo<br \/>\nREF 256 Puxador Tradicional Redondo P: <img loading=\"lazy\" decoding=\"async\" class=\"alignnone size-full wp-image-646\" src=\"http:\/\/www.asinoxdecor.com.br\/site\/wp-content\/uploads\/2017\/08\/diametro_10_px.png\" alt=\"diametro_10_px\" width=\"10\" height=\"10\" \/>\u00a022 F:200 C: 300<br \/>\nREF 257 Puxador Tradicional Redondo P: <img loading=\"lazy\" decoding=\"async\" class=\"alignnone size-full wp-image-646\" src=\"http:\/\/www.asinoxdecor.com.br\/site\/wp-content\/uploads\/2017\/08\/diametro_10_px.png\" alt=\"diametro_10_px\" width=\"10\" height=\"10\" \/> 22 F:300 C: 400<br \/>\nREF 258 Puxador Tradicional Redondo P: <img loading=\"lazy\" decoding=\"async\" class=\"alignnone size-full wp-image-646\" src=\"http:\/\/www.asinoxdecor.com.br\/site\/wp-content\/uploads\/2017\/08\/diametro_10_px.png\" alt=\"diametro_10_px\" width=\"10\" height=\"10\" \/> 22 F:400 C: 500<br \/>\nREF 259 Puxador Tradicional Redondo P: <img loading=\"lazy\" decoding=\"async\" class=\"alignnone size-full wp-image-646\" src=\"http:\/\/www.asinoxdecor.com.br\/site\/wp-content\/uploads\/2017\/08\/diametro_10_px.png\" alt=\"diametro_10_px\" width=\"10\" height=\"10\" \/> 25 F:400 C: 500<br \/>\nREF 260 Puxador Tradicional Redondo P: <img loading=\"lazy\" decoding=\"async\" class=\"alignnone size-full wp-image-646\" src=\"http:\/\/www.asinoxdecor.com.br\/site\/wp-content\/uploads\/2017\/08\/diametro_10_px.png\" alt=\"diametro_10_px\" width=\"10\" height=\"10\" \/> 25 F:600 C: 800<br \/>\nREF 261 Puxador Tradicional Redondo P: <img loading=\"lazy\" decoding=\"async\" class=\"alignnone size-full wp-image-646\" src=\"http:\/\/www.asinoxdecor.com.br\/site\/wp-content\/uploads\/2017\/08\/diametro_10_px.png\" alt=\"diametro_10_px\" width=\"10\" height=\"10\" \/> 25 F:800 C: 1000<br \/>\nREF 262 Puxador Tradicional Redondo P: <img loading=\"lazy\" decoding=\"async\" class=\"alignnone size-full wp-image-646\" src=\"http:\/\/www.asinoxdecor.com.br\/site\/wp-content\/uploads\/2017\/08\/diametro_10_px.png\" alt=\"diametro_10_px\" width=\"10\" height=\"10\" \/> 25 F 900 C: 1200<br \/>\nREF 263 Puxador Tradicional Redondo P: <img loading=\"lazy\" decoding=\"async\" class=\"alignnone size-full wp-image-646\" src=\"http:\/\/www.asinoxdecor.com.br\/site\/wp-content\/uploads\/2017\/08\/diametro_10_px.png\" alt=\"diametro_10_px\" width=\"10\" height=\"10\" \/> 25 F.200 C: 1500<br \/>\nREF 264 Puxador Tradicional Redondo P: <img loading=\"lazy\" decoding=\"async\" class=\"alignnone size-full wp-image-646\" src=\"http:\/\/www.asinoxdecor.com.br\/site\/wp-content\/uploads\/2017\/08\/diametro_10_px.png\" alt=\"diametro_10_px\" width=\"10\" height=\"10\" \/> 32 F:400 C: 500<br \/>\nREF 265 Puxador Tradicional Redondo P: <img loading=\"lazy\" decoding=\"async\" class=\"alignnone size-full wp-image-646\" src=\"http:\/\/www.asinoxdecor.com.br\/site\/wp-content\/uploads\/2017\/08\/diametro_10_px.png\" alt=\"diametro_10_px\" width=\"10\" height=\"10\" \/> 32 F:600 C: 800<br \/>\nREF 266 Puxador Tradicional Redondo P: <img loading=\"lazy\" decoding=\"async\" class=\"alignnone size-full wp-image-646\" src=\"http:\/\/www.asinoxdecor.com.br\/site\/wp-content\/uploads\/2017\/08\/diametro_10_px.png\" alt=\"diametro_10_px\" width=\"10\" height=\"10\" \/> 32 F:800 C: 1000<br \/>\nREF 267 Puxador Tradicional Redondo P: <img loading=\"lazy\" decoding=\"async\" class=\"alignnone size-full wp-image-646\" src=\"http:\/\/www.asinoxdecor.com.br\/site\/wp-content\/uploads\/2017\/08\/diametro_10_px.png\" alt=\"diametro_10_px\" width=\"10\" height=\"10\" \/> 32 F.900 C: 1200<br \/>\nREF 268 Puxador Tradicional Redondo P: <img loading=\"lazy\" decoding=\"async\" class=\"alignnone size-full wp-image-646\" src=\"http:\/\/www.asinoxdecor.com.br\/site\/wp-content\/uploads\/2017\/08\/diametro_10_px.png\" alt=\"diametro_10_px\" width=\"10\" height=\"10\" \/> 32 F:1200 C:1500<br \/>\nREF 269 Puxador Tradicional Redondo P: <img loading=\"lazy\" decoding=\"async\" class=\"alignnone size-full wp-image-646\" src=\"http:\/\/www.asinoxdecor.com.br\/site\/wp-content\/uploads\/2017\/08\/diametro_10_px.png\" alt=\"diametro_10_px\" width=\"10\" height=\"10\" \/> 38 F:400 C: 500<br \/>\nREF 270 Puxador Tradicional Redondo P: <img loading=\"lazy\" decoding=\"async\" class=\"alignnone size-full wp-image-646\" src=\"http:\/\/www.asinoxdecor.com.br\/site\/wp-content\/uploads\/2017\/08\/diametro_10_px.png\" alt=\"diametro_10_px\" width=\"10\" height=\"10\" \/> 38 F:600 C: 800<br \/>\nREF 271 Puxador Tradicional Redondo P: <img loading=\"lazy\" decoding=\"async\" class=\"alignnone size-full wp-image-646\" src=\"http:\/\/www.asinoxdecor.com.br\/site\/wp-content\/uploads\/2017\/08\/diametro_10_px.png\" alt=\"diametro_10_px\" width=\"10\" height=\"10\" \/> 38 F: 800 C: 1000<br \/>\nREF 272 Puxador Tradicional Redondo P: <img loading=\"lazy\" decoding=\"async\" class=\"alignnone size-full wp-image-646\" src=\"http:\/\/www.asinoxdecor.com.br\/site\/wp-content\/uploads\/2017\/08\/diametro_10_px.png\" alt=\"diametro_10_px\" width=\"10\" height=\"10\" \/> 38 F:900 C: 1200<br \/>\nREF 273 Puxador Tradicional Redondo P: <img loading=\"lazy\" decoding=\"async\" class=\"alignnone size-full wp-image-646\" src=\"http:\/\/www.asinoxdecor.com.br\/site\/wp-content\/uploads\/2017\/08\/diametro_10_px.png\" alt=\"diametro_10_px\" width=\"10\" height=\"10\" \/> 38 F:1200 C:1500[\/vc_column_text][\/vc_tta_section][vc_tta_section title=&#8221;Puxador Tradicional Retangular&#8221; tab_id=&#8221;1511472887412-ed490e72-a306&#8243;][vc_single_image image=&#8221;732&#8243; img_size=&#8221;medium&#8221; onclick=&#8221;img_link_large&#8221;][vc_column_text css_animation=&#8221;left-to-right&#8221;]Puxador Tradicional Retangular<\/p>\n<p>REF 216 Puxador Tradicional Retangular P: 40X10 F:400 C.500<br \/>\nREF 217 Puxador Tradicional Retangular P: 40X10 F:600 C:800<br \/>\nREF 218 Puxador Tradicional Retangular P: 40X10 F:800 C:1000<br \/>\nREF 219 Puxador Tradicional Retangular P: 40X10 F:900 C:1200<br \/>\nREF 220 Puxador Tradicional Retangular P: 40X10 F:1200 C:1500<br \/>\nREF 221 Puxador Tracficional Retangular P: 40&#215;15 F:400 C:500<br \/>\nREF 222 Puxador Tradicional Retangular P: 40&#215;15 F:600 C:800<br \/>\nREF 223 Puxador Tradicional Retangular P: 40&#215;15 F:800 C:1000<br \/>\nREF 224 Puxador Tradicional Retangular P: 40&#215;15 F:900 C:1200<br \/>\nREF 225 Puxador Tradicional Retangular P: 40&#215;15 F:1200 C:1500<br \/>\nREF 226 Puxador Tradicional Retangular P: 40&#215;20 F:400 C:500<br \/>\nREF 227 Puxador Tracficional Retangular P: 40&#215;20 F:600 C:800<br \/>\nREF 228 Puxador Tradicional Retangular P: 40&#215;20 F:800 C:1000<br \/>\nREF 229 Puxador Tradicional Retangular P: 40&#215;20 F:900 C:1200<br \/>\nREF 230 Puxador Tradicional Retangular P: 40&#215;20 F:1200 C:1500<br \/>\nREF 287 Puxador Tradicional Retangular P: 30&#215;10 F:200 C.300<br \/>\nREF 288 Puxador Tradicional Retangular P: 30&#215;10 F:300 C:400<br \/>\nREF 289 Puxador Tradicional Retangular P: 30&#215;10 F:400 0:500<br \/>\nREF 290 Puxador Tradicional Retangular P: 30&#215;10 F:600 C:800<br \/>\nREF 291 Puxador Tradicional Retangular P: 30&#215;10 F:800 C:1000<br \/>\nREF 292 Puxador Tradicional Retangular P: 30&#215;10 F:900 C:1200<br \/>\nREF 293 Puxador Tradicional Retangular P: 30&#215;15 F:200 C:300<br \/>\nREF 294 Puxador Tradicional Retangular P: 30&#215;15 F:300 C:400<br \/>\nREF 295 Puxador Tradicional Retangular P: 30&#215;15 F:400 C:500<br \/>\nREF 296 Puxador Tradicional Retangular P: 30&#215;15 F:600 C:800<br \/>\nREF 297 Puxador Tradicional Retangular P: 30&#215;15 F:800 C:1000<br \/>\nREF 298 Puxador Tradicional Retangular P: 30&#215;15 F:900 C:1200<br \/>\nREF 299 Puxador Tradicional Retangular P: 30&#215;15 F:1200 C:1500[\/vc_column_text][\/vc_tta_section][vc_tta_section title=&#8221;Puxador Tradicional Quadrado&#8221; tab_id=&#8221;1511473477239-704af4b1-29cf&#8221;][vc_single_image image=&#8221;733&#8243; img_size=&#8221;medium&#8221; onclick=&#8221;img_link_large&#8221;][vc_column_text css_animation=&#8221;left-to-right&#8221;]Puxador Tradicional\u00a0Quadrado<\/p>\n<p>REF 274 Puxador Tradicional Quadrado P: 20&#215;20 F:200 C:300<br \/>\nREF 275 Puxador Tradicional Quadrado P: 20&#215;20 F:300 C:4QO<br \/>\nREF 276 Puxador Tradicional Quadrado P: 20&#215;20 F:400 C:500<br \/>\nREF 277 Puxador Tradicional Quadrado P: 25&#215;25 F:400 C:500<br \/>\nREF 278 Puxador Tradicional Quadrado P: 25&#215;25 F:600 C:800<br \/>\nREF 279 Puxador Tradicional Quadrado P: 25&#215;25 F:8Q0 C:1000<br \/>\nREF 280 Puxador Tradicional Quadrado P: 25&#215;25 F:900 C:1200<br \/>\nREF 281 Puxador Tradicional Quadrado P: 25&#215;25 F:1200 C:1500<br \/>\nREF 282 Puxador Tradicional Quadrado P: 30&#215;30 F:400 C:500<br \/>\nREF 283 Puxador Tradicional Quadrado P: 30&#215;30 F:600 C:800<br \/>\nREF 284 Puxador Tradicional Quadrado P: 30&#215;30 F:800 C:1000<br \/>\nREF 285 Puxador Tradicional Quadrado P: 30&#215;30 F:900 C:1200<br \/>\nREF 286 Puxador Tradicional Quadrado P: 30&#215;30 F:1200 C:1500[\/vc_column_text][\/vc_tta_section][vc_tta_section title=&#8221;Puxador Al\u00e7a Quadrada 2 Furos&#8221; tab_id=&#8221;1511473612712-10653e2f-2abd&#8221;][vc_single_image image=&#8221;734&#8243; img_size=&#8221;medium&#8221; onclick=&#8221;img_link_large&#8221;][vc_column_text css_animation=&#8221;left-to-right&#8221;]Puxador Al\u00e7a Quadrada 2 Furos<\/p>\n<p>REF 128 Puxador Al\u00e7a Quadrado 2 Furos P: 20&#215;20 F: 300<br \/>\nREF 129 Puxador Al\u00e7a Quadrado 2 Furos P: 20&#215;20 F: 400<br \/>\nREF 130 Puxador Al\u00e7a Quadrado 2 Furos P: 20&#215;20 F: 500<br \/>\nREF 131 Puxador Al\u00e7a Quadrado 2 Furos P. 25&#215;25 F: 300<br \/>\nREF 132 Puxador Al\u00e7a Quadrado 2 Furos P: 25&#215;25 F: 500<br \/>\nREF 133 Puxador Al\u00e7a Quadrado 2 Furos P: 25&#215;25 F: 800<br \/>\nREF 134 Puxador Al\u00e7a Quadrado 2 Furos P: 25&#215;25 F:1000<br \/>\nREF 135 Puxador Al\u00e7a Quadrado 2 Furos P: 30&#215;30 F: 800<br \/>\nREF 136 Puxador Al\u00e7a Quadrado 2 Furos P: 30&#215;30 F: 1000<br \/>\nREF 137 Puxador Al\u00e7a Quadrado 2 Furos P: 30&#215;30 F: 1200<br \/>\nREF 138 Puxador Al\u00e7a Quadrado 2 Furos P: 30&#215;30 F: 1500<br \/>\nREF 139 Puxador Al\u00e7a Quadrado 2 Furos P: 40&#215;40 F: 1200<br \/>\nREF 140 Puxador Al\u00e7a Quadrado 2 Furos P: 40&#215;40 F: 1500<br \/>\nREF 141 Puxador Al\u00e7a Quadrado 2 Furos P: 40&#215;40 F: 1800[\/vc_column_text][\/vc_tta_section][vc_tta_section title=&#8221;Puxador Tradicional Barra Chata&#8221; tab_id=&#8221;1511473753382-84c09c95-486b&#8221;][vc_single_image image=&#8221;730&#8243; img_size=&#8221;medium&#8221; onclick=&#8221;img_link_large&#8221;][vc_column_text css_animation=&#8221;left-to-right&#8221;]Puxador Tradicional Barra Chata<\/p>\n<p>REF 231 Puxador Tradicional Barra Chata P: 22&#215;3 F: 150 C:200<br \/>\nREF 232 Puxador Tradicional Barra Chata\u00a0P: 22&#215;3 F: 200 C:300<br \/>\nREF 233 Puxador Tradicional Barra Chata\u00a0P: 22&#215;3 F: 300 C: 400<br \/>\nREF 234 Puxador Tradicional Barra Chata\u00a0P: 22&#215;3 F: 400 C: 500<br \/>\nREF 235 Puxador Tradicional Barra Chata\u00a0P: 25&#215;3 F: 150 C: 200<br \/>\nREF 236 Puxador Tradicional Barra Chata\u00a0P: 25&#215;3 F: 200 C: 300<br \/>\nREF 237 Puxador Tradicional Barra Chata\u00a0P: 25&#215;3 F: 300 C: 400<br \/>\nREF 238 Puxador Tradicional Barra Chata\u00a0P: 25&#215;3 F: 400 C: 500<br \/>\nREF 239 Puxador Tradicional Barra Chata\u00a0P: 32&#215;5 F: 400 C: 500<br \/>\nREF 240 Puxador Tradicional Barra Chata\u00a0P: 32&#215;5 F: 600 C: 800<br \/>\nREF 241 Puxador Tradicional Barra Chata\u00a0P: 32&#215;5 F: 800 C: 1000<br \/>\nREF 242 Puxador Tradicional Barra Chata\u00a0P: 38&#215;5 F: 600 C.800<br \/>\nREF 243 Puxador Tradicional Barra Chata\u00a0P: 38&#215;5 F: 800 C:1000<br \/>\nREF 244 Puxador Tradicional Barra Chata\u00a0P: 38&#215;5 F: 900 C: 1200[\/vc_column_text][\/vc_tta_section][vc_tta_section title=&#8221;Puxador Al\u00e7a Retangular 1 Furo&#8221; tab_id=&#8221;1511474138671-152f21e6-43e1&#8243;][vc_single_image image=&#8221;742&#8243; img_size=&#8221;medium&#8221; onclick=&#8221;img_link_large&#8221;][vc_column_text css_animation=&#8221;left-to-right&#8221;]Puxador Al\u00e7a Retangular\u00a01 Furo<\/p>\n<p>REF 083 Puxador Al\u00e7a Retangular 1 Furo P:30&#215;15 F: 300<br \/>\nREF 084 Puxador Al\u00e7a Retangular 1 Furo P:30&#215;15 F: 500<br \/>\nREF 085 Puxador Al\u00e7a Retangular 1 Furo P:30&#215;15 F: 800<br \/>\nREF 086 Puxador Al\u00e7a Retangular 1 Furo P:30&#215;15 F: 1000<br \/>\nREF 087 Puxador Al\u00e7a Retangular 1 Furo P:40&#215;15 F: 500<br \/>\nREF 088 Puxador Al\u00e7a Retangular 1 Furo P:40&#215;15 F: 800<br \/>\nREF 089 puxador Al\u00e7a Retangular 1 Furo P:40&#215;15 F: 1000<br \/>\nREF 090 Puxador Al\u00e7a Retangular 1 Furo P:40&#215;20 F: 500<br \/>\nREF 091 Puxador Al\u00e7a Retangular 1 Furo P:40&#215;20 F: 800<br \/>\nREF 092 Puxador Al\u00e7a Retanguiar 1 Furo P:40&#215;20 F: 1000[\/vc_column_text][\/vc_tta_section][vc_tta_section title=&#8221;Puxador Al\u00e7a Retangular 2 Furos&#8221; tab_id=&#8221;1513600500499-8a5b8044-740c&#8221;][vc_single_image image=&#8221;735&#8243; img_size=&#8221;medium&#8221; onclick=&#8221;img_link_large&#8221;][vc_column_text css_animation=&#8221;left-to-right&#8221;]Puxador Al\u00e7a Retangular 2 Furos<\/p>\n<p>REF 142 Puxador Al\u00e7a Retangular 2 Furos P: 30&#215;15 F: 300<br \/>\nREF 143 Puxador Al\u00e7a Retangular 2 Furos P: 30&#215;15 F: 500<br \/>\nREF 144 Puxador Al\u00e7a Retangular 2 Furos P: 30&#215;15 F: 800<br \/>\nREF 145 Puxador Al\u00e7a Retangular 2 Furos P: 30&#215;15 F: 1000<br \/>\nREF 146 Puxador Al\u00e7a Retangular 2 Furos P: 40&#215;20 F: 800<br \/>\nREF 147 Puxador Al\u00e7a Retangular 2 Furos P: 40&#215;20 F: 1000<br \/>\nREF 148 Puxador Ai\u00e7a Retangular 2 Furos P: 40&#215;20 F: 1200<br \/>\nREF 149 Puxador Al\u00e7a Retangular 2 Furos P: 40&#215;20 F: 1500<br \/>\nREF 150 Puxador Al\u00e7a Retangular 2 Furos P: 40&#215;15 F: 500<br \/>\nREF 151 Puxador Al\u00e7a Retangular 2 Furos P: 40&#215;15 F: 800<br \/>\nREF 152 Puxador Al\u00e7a Retangular 2 Furos P: 40&#215;15 F: 1000<br \/>\nREF 153 Puxador Al\u00e7a Retangular 2 Furos P: 40&#215;15 F: 1200<br \/>\nREF 154 Puxador Al\u00e7a Retangular 2 Furos P: 50&#215;30 F: 1200<br \/>\nREF 155 Puxador Al\u00e7a Retangular 2 Furos P; 50&#215;30 F: 1500<br \/>\nREF 156 Puxador Al\u00e7a Retangular 2 Furos P: 50&#215;30 F: 1800[\/vc_column_text][\/vc_tta_section][vc_tta_section title=&#8221;Puxador Base Longa&#8221; tab_id=&#8221;1511474286513-b6884c22-0f85&#8243;][vc_single_image image=&#8221;736&#8243; img_size=&#8221;medium&#8221; onclick=&#8221;img_link_large&#8221;][vc_column_text css_animation=&#8221;left-to-right&#8221;]Puxador\u00a0Base Longa<\/p>\n<p>REF 009 Puxador\u00a0Base Longa\u00a0P: 20&#215;20\/50&#215;20 F: 300 C: 320<br \/>\nREF 010 Puxador Base Longa P: 20&#215;20\/50&#215;20 F: 500\u00a0C: 520<br \/>\nREF 011 Puxador Base Longa P: 20&#215;20\/50&#215;20 F: 800 C:820<br \/>\nREF 012 Puxador Base Longa P: 20&#215;20\/50&#215;20 F: 1000 C:1020<br \/>\nREF 013 Puxador Base Longa P: 20&#215;20\/50&#215;20 F: 1200 C:122D<br \/>\nREF 014 Puxador Base Longa P: 20&#215;20\/50&#215;20 F: 1500 C:1520<br \/>\nREF 015 Puxador Base Longa P: 20&#215;20\/50&#215;20 F: 1500 C:1520[\/vc_column_text][\/vc_tta_section][vc_tta_section title=&#8221;Puxador Curvo Barra Chata 1 Furo&#8221; tab_id=&#8221;1511474493718-5e56e760-de4c&#8221;][vc_single_image image=&#8221;737&#8243; img_size=&#8221;medium&#8221; onclick=&#8221;img_link_large&#8221;][vc_column_text css_animation=&#8221;left-to-right&#8221;]Puxador Curvo Barra Chata 1 furo<\/p>\n<p>REF 103 Puxador Curvo Barra Chata 1 Furo P: 32&#215;3 F: 300<br \/>\nREF 104 Puxador Curvo Barra Chata 1 Furo P: 32&#215;3 F: 500<br \/>\nREF 105 Puxador Curvo Barra Chata 1 Furo P: 32&#215;3 F: 800<br \/>\nREF 106 Puxador Curvo Barra Chata 1 Furo P: 32&#215;3 F: 1000<br \/>\nREF 107 Puxador Curvo Barra Chata 1 Furo P: 38&#215;5 F: 600<br \/>\nREF 108 Puxador Curvo Barra Chata 1 Furo P: 38&#215;5 F: 800<br \/>\nREF 109 Puxador Curvo Barra Chata 1 Furo P: 38&#215;5 F: 1000<br \/>\nREF 110 Puxador Curvo Barra Chata 1 Furo P: 25&#215;3 F: 300<br \/>\nREF 111 Puxador Curvo Barra Chata 1 Furo P: 25&#215;3 F: 500<br \/>\nREF 112 Puxador Curvo Barra Chata 1 Furo P: 25&#215;3 F: 800<br \/>\nREF 113 Puxador Curvo Barra Chata 1 Furo P: 25&#215;3 F: 1000[\/vc_column_text][\/vc_tta_section][vc_tta_section title=&#8221;Puxador Curvo Barra Chata 2 Furos&#8221; tab_id=&#8221;1511474614046-dd56f010-84f3&#8243;][vc_single_image image=&#8221;738&#8243; img_size=&#8221;medium&#8221; onclick=&#8221;img_link_large&#8221;][vc_column_text css_animation=&#8221;left-to-right&#8221;]Puxador Curvo Barra Chata 2 Furos<\/p>\n<p>REF 114 Puxador Curvo Barra Chata 2 Furos P: 22&#215;3 F: 120 C: 200<br \/>\nREF 115 Puxador Curvo Barra Chata 2 Furos P: 22&#215;3 F: 200 C: 300<br \/>\nREF 116 Puxador Curvo Barra Chata 2 Furos P: 22&#215;3 F: 300 C: 400<br \/>\nREF 117 Puxador Curvo Barra Chata 2 Furos P: 22&#215;3 F: 400 C: 500<br \/>\nREF 118 Puxador Curvo Barra Chata 2 Furos P: 25&#215;3 F:\u00a0120 C: 200<br \/>\nREF 119 Puxador Curvo Barra Chata 2 Furos P: 25&#215;3 F: 200 C: 300<br \/>\nREF 120 Puxador Curvo Barra Chata 2 Furos P: 25&#215;3 F: 300 C: 400<br \/>\nREF 121 Puxador Curvo Barra Chata 2 Furos P: 25&#215;3 F: 400 C: 500<br \/>\nREF 122 Puxador Curvo Bana Chata 2 Furos P: 32&#215;3 F: 400 C: 500<br \/>\nREF 123 Puxador Curvo Barra Chata 2 Furos P: 32&#215;3 F: 600 C: 800<br \/>\nREF 124 Puxador Curvo Bana Chata 2 Furos P: 32&#215;3 F: 800 C: 1000<br \/>\nREF 125 Puxador Curvo Barra Chata 2 Furos P: 38&#215;5 F: 600 C: 800<br \/>\nREF 126 Puxador Curvo Bana Chata 2 Furos P: 33&#215;5 F: 800 C: 1000<br \/>\nREF 127 Puxador Curvo Barra Chata 2 Furos P: 38&#215;5 F: 900 C: 1200[\/vc_column_text][\/vc_tta_section][vc_tta_section title=&#8221;Puxador Barra Chata 2 curvas&#8221; tab_id=&#8221;12-Puxador-Barra-Chata-2-curvas&#8221;][vc_single_image image=&#8221;739&#8243; img_size=&#8221;medium&#8221; onclick=&#8221;img_link_large&#8221; title=&#8221;Puxador Barra Chata 2 curvas&#8221;][vc_column_text css_animation=&#8221;left-to-right&#8221;]Puxador Barra Chata 2 Curvas<br \/>\nREF 031 Puxador Barra Chata 2 Curvas P: 32&#215;5 F: 300 C.500<br \/>\nREF 032 Puxador Barra Chata 2 Curvas P: 32&#215;5 F: 600 C: 800<br \/>\nREF 033 Puxador Barra Chata 2 Curvas P: 32&#215;5 F: 800 C: 1000<br \/>\nREF 034 Puxador Barra Chata 2 Curvas P: 32&#215;5 F: 900 C: 1200[\/vc_column_text][\/vc_tta_section][vc_tta_section title=&#8221;Puxador Base Longa Fina&#8221; tab_id=&#8221;15-Puxador-Base-Longa-Fina&#8221;][vc_single_image image=&#8221;740&#8243; img_size=&#8221;medium&#8221; onclick=&#8221;img_link_large&#8221; title=&#8221;Puxador Base Longa Fina&#8221;][vc_column_text css_animation=&#8221;left-to-right&#8221;]Puxador Base Longa Fina<br \/>\nREF 187 Puxador Base Longa Fina P: 20&#215;10\/40&#215;20 F: 300 C: 320<br \/>\nREF 188 Puxador Base Longa Fina P: 20&#215;10\/40&#215;20 F: 500 C: 520<br \/>\nREF 189 Puxador Base Longa Fina P: 20&#215;10\/40&#215;20 F: 800 C: 820<br \/>\nREF 190 Puxador Base Longa Fina P: 20&#215;10\/40&#215;20 F: 1000 C: 1020[\/vc_column_text][\/vc_tta_section][vc_tta_section title=&#8221;Puxador Al\u00e7a Quadrada 1 Furo&#8221; tab_id=&#8221;29-Puxador-alca-Quadrada-1-Furo&#8221;][vc_single_image image=&#8221;742&#8243; img_size=&#8221;medium&#8221; onclick=&#8221;img_link_large&#8221; title=&#8221;Puxador al\u00e7a Quadrada 1 Furo&#8221;][vc_column_text css_animation=&#8221;left-to-right&#8221;]Puxador al\u00e7a Quadrada 1 Furo<br \/>\nREF 093 puxador Al\u00e7a Quadrado 1 Furo P:20&#215;20 F: 300<br \/>\nREF 094 puxador Al\u00e7a Quadrado 1 Furo P:20&#215;20 F: 400<br \/>\nREF 095 puxador Al\u00e7a Quadrado 1 Furo P:20&#215;20 F: 500<br \/>\nREF 096 puxador Al\u00e7a Quadrado 1 Furo P:25&#215;25 F: 300<br \/>\nREF 097 puxador Al\u00e7a Quadrado 1 Furo P:25&#215;25 F: 500<br \/>\nREF 098 Puxador Al\u00e7a Quadrado 1 Furo P:25&#215;25 F: 800<br \/>\nREF 099 puxador Al\u00e7a Quadrado 1 Furo P:25&#215;25 F: 1000<br \/>\nREF 100 Puxador Al\u00e7a Quadrado 1 Furo P:30&#215;30 F: 500<br \/>\nREF 101 puxador Al\u00e7a Quadrado 1 Furo P:30&#215;30 F: 800<br \/>\nREF 102 puxador Al\u00e7a Quadrado 1 Furo P:30&#215;30 F: 1000[\/vc_column_text][\/vc_tta_section][vc_tta_section title=&#8221;Puxador Al\u00e7a Fina&#8221; tab_id=&#8221;1513601311818-96bdd47f-ef9b&#8221;][vc_single_image image=&#8221;741&#8243; img_size=&#8221;medium&#8221; onclick=&#8221;img_link_large&#8221;][vc_column_text css_animation=&#8221;left-to-right&#8221;]Puxador Al\u00e7a Fina<\/p>\n<p>REF 157 Puxador Al\u00e7a Fina P: 20&#215;10 F: 300<br \/>\nREF 158 Puxador Al\u00e7a Fina P: 20&#215;10 F: 500<br \/>\nREF 159 Puxador Al\u00e7a Fina P: 20&#215;10 F: 800<br \/>\nREF 160 Puxador Al\u00e7a Fina P: 20&#215;10 F: 1000<br \/>\nREF 161 Puxador Al\u00e7a Fina P: 30&#215;10 F: 500<br \/>\nREF 162 Puxador Al\u00e7a Fina P: 30&#215;10 F: 800<br \/>\nREF 163 Puxador Al\u00e7a Fina P: 30&#215;10 F: 1000<br \/>\nREF 164 Puxador Al\u00e7a Fina P: 30&#215;10 F: 1200<br \/>\nREF 165 Puxador Al\u00e7a Fina P: 30&#215;10 F: 1500[\/vc_column_text][\/vc_tta_section][\/vc_tta_tour][\/vc_column][\/vc_row][vc_row][vc_column][vc_btn title=&#8221;Solicite Or\u00e7amento Agora&#8221; style=&#8221;3d&#8221; shape=&#8221;round&#8221; color=&#8221;primary&#8221; link=&#8221;url:http%3A%2F%2Fwww.asinoxdecor.com.br%2Fsite%2Ffale-conosco%2F|||&#8221;][\/vc_column][\/vc_row]<\/p>\n","protected":false},"excerpt":{"rendered":"<p>[vc_row][vc_column width=&#8221;1\/2&#8243;][vc_single_image image=&#8221;688&#8243; img_size=&#8221;580&#215;288&#8243; style=&#8221;vc_box_shadow_3d&#8221; onclick=&#8221;img_link_large&#8221; css_animation=&#8221;bottom-to-top&#8221;][\/vc_column][vc_column width=&#8221;1\/2&#8243;][vc_column_text css_animation=&#8221;left-to-right&#8221;] Os puxadores s\u00e3o m\u00f3veis de grande usabilidade, por isso al\u00e9m do desing \u00e9 important\u00edssimo a escolha de produtos de alta durabilidade, e disso a AS Inox Decor entende muito bem e tem a oferecer uma grande variedade de modelos com o tamanho conforme sua necessidade: com [&hellip;]<\/p>\n","protected":false},"author":1,"featured_media":0,"parent":12,"menu_order":0,"comment_status":"closed","ping_status":"closed","template":"","meta":{"footnotes":""},"_links":{"self":[{"href":"http:\/\/www.asinoxdecor.com.br\/site\/wp-json\/wp\/v2\/pages\/55"}],"collection":[{"href":"http:\/\/www.asinoxdecor.com.br\/site\/wp-json\/wp\/v2\/pages"}],"about":[{"href":"http:\/\/www.asinoxdecor.com.br\/site\/wp-json\/wp\/v2\/types\/page"}],"author":[{"embeddable":true,"href":"http:\/\/www.asinoxdecor.com.br\/site\/wp-json\/wp\/v2\/users\/1"}],"replies":[{"embeddable":true,"href":"http:\/\/www.asinoxdecor.com.br\/site\/wp-json\/wp\/v2\/comments?post=55"}],"version-history":[{"count":87,"href":"http:\/\/www.asinoxdecor.com.br\/site\/wp-json\/wp\/v2\/pages\/55\/revisions"}],"predecessor-version":[{"id":771,"href":"http:\/\/www.asinoxdecor.com.br\/site\/wp-json\/wp\/v2\/pages\/55\/revisions\/771"}],"up":[{"embeddable":true,"href":"http:\/\/www.asinoxdecor.com.br\/site\/wp-json\/wp\/v2\/pages\/12"}],"wp:attachment":[{"href":"http:\/\/www.asinoxdecor.com.br\/site\/wp-json\/wp\/v2\/media?parent=55"}],"curies":[{"name":"wp","href":"https:\/\/api.w.org\/{rel}","templated":true}]}}