{"id":53,"date":"2017-08-14T11:53:39","date_gmt":"2017-08-14T14:53:39","guid":{"rendered":"http:\/\/www.asinoxdecor.com.br\/site\/?page_id=53"},"modified":"2017-12-21T16:10:11","modified_gmt":"2017-12-21T18:10:11","slug":"moveis-e-complementos","status":"publish","type":"page","link":"http:\/\/www.asinoxdecor.com.br\/site\/nossos-produtos\/moveis-e-complementos\/","title":{"rendered":"M\u00f3veis e complementos"},"content":{"rendered":"<p>[vc_row][vc_column width=&#8221;1\/2&#8243;][vc_column_text css_animation=&#8221;left-to-right&#8221;]<\/p>\n\n\t\t<style type=\"text\/css\">\n\t\t\t#gallery-1 {\n\t\t\t\tmargin: auto;\n\t\t\t}\n\t\t\t#gallery-1 .gallery-item {\n\t\t\t\tfloat: left;\n\t\t\t\tmargin-top: 10px;\n\t\t\t\ttext-align: center;\n\t\t\t\twidth: 50%;\n\t\t\t}\n\t\t\t#gallery-1 img {\n\t\t\t\tborder: 2px solid #cfcfcf;\n\t\t\t}\n\t\t\t#gallery-1 .gallery-caption {\n\t\t\t\tmargin-left: 0;\n\t\t\t}\n\t\t\t\/* see gallery_shortcode() in wp-includes\/media.php *\/\n\t\t<\/style>\n\t\t<div id='gallery-1' class='gallery galleryid-705 gallery-columns-2 gallery-size-medium'><dl class='gallery-item'>\n\t\t\t<dt class='gallery-icon landscape'>\n\t\t\t\t<a data-description='' title='0146_ps_' href='http:\/\/www.asinoxdecor.com.br\/site\/wp-content\/uploads\/2017\/12\/0146_ps_.jpg'><img loading=\"lazy\" decoding=\"async\" width=\"300\" height=\"200\" src=\"http:\/\/www.asinoxdecor.com.br\/site\/wp-content\/uploads\/2017\/12\/0146_ps_-300x200.jpg\" class=\"attachment-medium size-medium\" alt=\"\" srcset=\"http:\/\/www.asinoxdecor.com.br\/site\/wp-content\/uploads\/2017\/12\/0146_ps_-300x200.jpg 300w, http:\/\/www.asinoxdecor.com.br\/site\/wp-content\/uploads\/2017\/12\/0146_ps_-768x512.jpg 768w, http:\/\/www.asinoxdecor.com.br\/site\/wp-content\/uploads\/2017\/12\/0146_ps_.jpg 900w\" sizes=\"(max-width: 300px) 100vw, 300px\" \/><\/a>\n\t\t\t<\/dt><\/dl><dl class='gallery-item'>\n\t\t\t<dt class='gallery-icon landscape'>\n\t\t\t\t<a data-description='' title='0147_ps_' href='http:\/\/www.asinoxdecor.com.br\/site\/wp-content\/uploads\/2017\/12\/0147_ps_.jpg'><img loading=\"lazy\" decoding=\"async\" width=\"300\" height=\"200\" src=\"http:\/\/www.asinoxdecor.com.br\/site\/wp-content\/uploads\/2017\/12\/0147_ps_-300x200.jpg\" class=\"attachment-medium size-medium\" alt=\"\" srcset=\"http:\/\/www.asinoxdecor.com.br\/site\/wp-content\/uploads\/2017\/12\/0147_ps_-300x200.jpg 300w, http:\/\/www.asinoxdecor.com.br\/site\/wp-content\/uploads\/2017\/12\/0147_ps_-768x512.jpg 768w, http:\/\/www.asinoxdecor.com.br\/site\/wp-content\/uploads\/2017\/12\/0147_ps_.jpg 900w\" sizes=\"(max-width: 300px) 100vw, 300px\" \/><\/a>\n\t\t\t<\/dt><\/dl><br style=\"clear: both\" \/>\n\t\t<\/div>\n\n<p>[\/vc_column_text][\/vc_column][vc_column width=&#8221;1\/2&#8243;][vc_column_text css_animation=&#8221;right-to-left&#8221;]<\/p>\n<p style=\"text-align: justify;\">Executamos todos os tipos de mobili\u00e1rios e complementos em a\u00e7o carbono e em a\u00e7o inox, com acabamentos polidos, escovados ou com pintura que vai desde o preto b\u00e1sico at\u00e9 aos tons metalizados: cobre, dourado, Red Gold, Rose, etc.<\/p>\n<p>[\/vc_column_text][\/vc_column][\/vc_row][vc_row][vc_column][vc_column_text css_animation=&#8221;bottom-to-top&#8221;]<\/p>\n\n\t\t<style type=\"text\/css\">\n\t\t\t#gallery-2 {\n\t\t\t\tmargin: auto;\n\t\t\t}\n\t\t\t#gallery-2 .gallery-item {\n\t\t\t\tfloat: left;\n\t\t\t\tmargin-top: 10px;\n\t\t\t\ttext-align: center;\n\t\t\t\twidth: 33%;\n\t\t\t}\n\t\t\t#gallery-2 img {\n\t\t\t\tborder: 2px solid #cfcfcf;\n\t\t\t}\n\t\t\t#gallery-2 .gallery-caption {\n\t\t\t\tmargin-left: 0;\n\t\t\t}\n\t\t\t\/* see gallery_shortcode() in wp-includes\/media.php *\/\n\t\t<\/style>\n\t\t<div id='gallery-2' class='gallery galleryid-207 gallery-columns-3 gallery-size-medium'><dl class='gallery-item'>\n\t\t\t<dt class='gallery-icon landscape'>\n\t\t\t\t<a data-description='' title='20375910_784769918397058_3823623818311270876_n' href='http:\/\/www.asinoxdecor.com.br\/site\/wp-content\/uploads\/2017\/08\/20375910_784769918397058_3823623818311270876_n-1.jpg'><img loading=\"lazy\" decoding=\"async\" width=\"300\" height=\"169\" src=\"http:\/\/www.asinoxdecor.com.br\/site\/wp-content\/uploads\/2017\/08\/20375910_784769918397058_3823623818311270876_n-1-300x169.jpg\" class=\"attachment-medium size-medium\" alt=\"\" srcset=\"http:\/\/www.asinoxdecor.com.br\/site\/wp-content\/uploads\/2017\/08\/20375910_784769918397058_3823623818311270876_n-1-300x169.jpg 300w, http:\/\/www.asinoxdecor.com.br\/site\/wp-content\/uploads\/2017\/08\/20375910_784769918397058_3823623818311270876_n-1-768x432.jpg 768w, http:\/\/www.asinoxdecor.com.br\/site\/wp-content\/uploads\/2017\/08\/20375910_784769918397058_3823623818311270876_n-1.jpg 960w\" sizes=\"(max-width: 300px) 100vw, 300px\" \/><\/a>\n\t\t\t<\/dt><\/dl><dl class='gallery-item'>\n\t\t\t<dt class='gallery-icon landscape'>\n\t\t\t\t<a data-description='' title='20476223_784769945063722_3155203177642885027_n' href='http:\/\/www.asinoxdecor.com.br\/site\/wp-content\/uploads\/2017\/08\/20476223_784769945063722_3155203177642885027_n-1.jpg'><img loading=\"lazy\" decoding=\"async\" width=\"300\" height=\"169\" src=\"http:\/\/www.asinoxdecor.com.br\/site\/wp-content\/uploads\/2017\/08\/20476223_784769945063722_3155203177642885027_n-1-300x169.jpg\" class=\"attachment-medium size-medium\" alt=\"\" srcset=\"http:\/\/www.asinoxdecor.com.br\/site\/wp-content\/uploads\/2017\/08\/20476223_784769945063722_3155203177642885027_n-1-300x169.jpg 300w, http:\/\/www.asinoxdecor.com.br\/site\/wp-content\/uploads\/2017\/08\/20476223_784769945063722_3155203177642885027_n-1-768x432.jpg 768w, http:\/\/www.asinoxdecor.com.br\/site\/wp-content\/uploads\/2017\/08\/20476223_784769945063722_3155203177642885027_n-1.jpg 960w\" sizes=\"(max-width: 300px) 100vw, 300px\" \/><\/a>\n\t\t\t<\/dt><\/dl><dl class='gallery-item'>\n\t\t\t<dt class='gallery-icon landscape'>\n\t\t\t\t<a data-description='' title='131' href='http:\/\/www.asinoxdecor.com.br\/site\/wp-content\/uploads\/2017\/08\/131.jpg'><img loading=\"lazy\" decoding=\"async\" width=\"300\" height=\"169\" src=\"http:\/\/www.asinoxdecor.com.br\/site\/wp-content\/uploads\/2017\/08\/131-300x169.jpg\" class=\"attachment-medium size-medium\" alt=\"\" srcset=\"http:\/\/www.asinoxdecor.com.br\/site\/wp-content\/uploads\/2017\/08\/131-300x169.jpg 300w, http:\/\/www.asinoxdecor.com.br\/site\/wp-content\/uploads\/2017\/08\/131-768x432.jpg 768w, http:\/\/www.asinoxdecor.com.br\/site\/wp-content\/uploads\/2017\/08\/131.jpg 900w\" sizes=\"(max-width: 300px) 100vw, 300px\" \/><\/a>\n\t\t\t<\/dt><\/dl><br style=\"clear: both\" \/><dl class='gallery-item'>\n\t\t\t<dt class='gallery-icon landscape'>\n\t\t\t\t<a data-description='' title='132' href='http:\/\/www.asinoxdecor.com.br\/site\/wp-content\/uploads\/2017\/08\/132.jpg'><img loading=\"lazy\" decoding=\"async\" width=\"300\" height=\"169\" src=\"http:\/\/www.asinoxdecor.com.br\/site\/wp-content\/uploads\/2017\/08\/132-300x169.jpg\" class=\"attachment-medium size-medium\" alt=\"\" srcset=\"http:\/\/www.asinoxdecor.com.br\/site\/wp-content\/uploads\/2017\/08\/132-300x169.jpg 300w, http:\/\/www.asinoxdecor.com.br\/site\/wp-content\/uploads\/2017\/08\/132-768x432.jpg 768w, http:\/\/www.asinoxdecor.com.br\/site\/wp-content\/uploads\/2017\/08\/132.jpg 900w\" sizes=\"(max-width: 300px) 100vw, 300px\" \/><\/a>\n\t\t\t<\/dt><\/dl><dl class='gallery-item'>\n\t\t\t<dt class='gallery-icon landscape'>\n\t\t\t\t<a data-description='' title='205' href='http:\/\/www.asinoxdecor.com.br\/site\/wp-content\/uploads\/2017\/08\/205.jpg'><img loading=\"lazy\" decoding=\"async\" width=\"300\" height=\"225\" src=\"http:\/\/www.asinoxdecor.com.br\/site\/wp-content\/uploads\/2017\/08\/205-300x225.jpg\" class=\"attachment-medium size-medium\" alt=\"\" srcset=\"http:\/\/www.asinoxdecor.com.br\/site\/wp-content\/uploads\/2017\/08\/205-300x225.jpg 300w, http:\/\/www.asinoxdecor.com.br\/site\/wp-content\/uploads\/2017\/08\/205-768x576.jpg 768w, http:\/\/www.asinoxdecor.com.br\/site\/wp-content\/uploads\/2017\/08\/205.jpg 900w\" sizes=\"(max-width: 300px) 100vw, 300px\" \/><\/a>\n\t\t\t<\/dt><\/dl><dl class='gallery-item'>\n\t\t\t<dt class='gallery-icon landscape'>\n\t\t\t\t<a data-description='' title='moveis_complementos_13' href='http:\/\/www.asinoxdecor.com.br\/site\/wp-content\/uploads\/2017\/08\/moveis_complementos_13.jpg'><img loading=\"lazy\" decoding=\"async\" width=\"300\" height=\"234\" src=\"http:\/\/www.asinoxdecor.com.br\/site\/wp-content\/uploads\/2017\/08\/moveis_complementos_13-300x234.jpg\" class=\"attachment-medium size-medium\" alt=\"\" srcset=\"http:\/\/www.asinoxdecor.com.br\/site\/wp-content\/uploads\/2017\/08\/moveis_complementos_13-300x234.jpg 300w, http:\/\/www.asinoxdecor.com.br\/site\/wp-content\/uploads\/2017\/08\/moveis_complementos_13-768x598.jpg 768w, http:\/\/www.asinoxdecor.com.br\/site\/wp-content\/uploads\/2017\/08\/moveis_complementos_13.jpg 899w\" sizes=\"(max-width: 300px) 100vw, 300px\" \/><\/a>\n\t\t\t<\/dt><\/dl><br style=\"clear: both\" \/><dl class='gallery-item'>\n\t\t\t<dt class='gallery-icon landscape'>\n\t\t\t\t<a data-description='' title='moveis_complementos_10' href='http:\/\/www.asinoxdecor.com.br\/site\/wp-content\/uploads\/2017\/08\/moveis_complementos_10.jpg'><img loading=\"lazy\" decoding=\"async\" width=\"300\" height=\"233\" src=\"http:\/\/www.asinoxdecor.com.br\/site\/wp-content\/uploads\/2017\/08\/moveis_complementos_10-300x233.jpg\" class=\"attachment-medium size-medium\" alt=\"\" srcset=\"http:\/\/www.asinoxdecor.com.br\/site\/wp-content\/uploads\/2017\/08\/moveis_complementos_10-300x233.jpg 300w, http:\/\/www.asinoxdecor.com.br\/site\/wp-content\/uploads\/2017\/08\/moveis_complementos_10-768x597.jpg 768w, http:\/\/www.asinoxdecor.com.br\/site\/wp-content\/uploads\/2017\/08\/moveis_complementos_10.jpg 901w\" sizes=\"(max-width: 300px) 100vw, 300px\" \/><\/a>\n\t\t\t<\/dt><\/dl><dl class='gallery-item'>\n\t\t\t<dt class='gallery-icon landscape'>\n\t\t\t\t<a data-description='' title='61' href='http:\/\/www.asinoxdecor.com.br\/site\/wp-content\/uploads\/2017\/08\/61.jpg'><img loading=\"lazy\" decoding=\"async\" width=\"300\" height=\"300\" src=\"http:\/\/www.asinoxdecor.com.br\/site\/wp-content\/uploads\/2017\/08\/61-300x300.jpg\" class=\"attachment-medium size-medium\" alt=\"\" srcset=\"http:\/\/www.asinoxdecor.com.br\/site\/wp-content\/uploads\/2017\/08\/61-300x300.jpg 300w, http:\/\/www.asinoxdecor.com.br\/site\/wp-content\/uploads\/2017\/08\/61-150x150.jpg 150w, http:\/\/www.asinoxdecor.com.br\/site\/wp-content\/uploads\/2017\/08\/61-90x90.jpg 90w, http:\/\/www.asinoxdecor.com.br\/site\/wp-content\/uploads\/2017\/08\/61.jpg 700w\" sizes=\"(max-width: 300px) 100vw, 300px\" \/><\/a>\n\t\t\t<\/dt><\/dl><dl class='gallery-item'>\n\t\t\t<dt class='gallery-icon landscape'>\n\t\t\t\t<a data-description='' title='63' href='http:\/\/www.asinoxdecor.com.br\/site\/wp-content\/uploads\/2017\/08\/63-2.jpg'><img loading=\"lazy\" decoding=\"async\" width=\"300\" height=\"200\" src=\"http:\/\/www.asinoxdecor.com.br\/site\/wp-content\/uploads\/2017\/08\/63-2-300x200.jpg\" class=\"attachment-medium size-medium\" alt=\"\" srcset=\"http:\/\/www.asinoxdecor.com.br\/site\/wp-content\/uploads\/2017\/08\/63-2-300x200.jpg 300w, http:\/\/www.asinoxdecor.com.br\/site\/wp-content\/uploads\/2017\/08\/63-2-768x512.jpg 768w, http:\/\/www.asinoxdecor.com.br\/site\/wp-content\/uploads\/2017\/08\/63-2.jpg 900w\" sizes=\"(max-width: 300px) 100vw, 300px\" \/><\/a>\n\t\t\t<\/dt><\/dl><br style=\"clear: both\" \/><dl class='gallery-item'>\n\t\t\t<dt class='gallery-icon landscape'>\n\t\t\t\t<a data-description='' title='58' href='http:\/\/www.asinoxdecor.com.br\/site\/wp-content\/uploads\/2017\/08\/58.jpg'><img loading=\"lazy\" decoding=\"async\" width=\"300\" height=\"200\" src=\"http:\/\/www.asinoxdecor.com.br\/site\/wp-content\/uploads\/2017\/08\/58-300x200.jpg\" class=\"attachment-medium size-medium\" alt=\"\" srcset=\"http:\/\/www.asinoxdecor.com.br\/site\/wp-content\/uploads\/2017\/08\/58-300x200.jpg 300w, http:\/\/www.asinoxdecor.com.br\/site\/wp-content\/uploads\/2017\/08\/58-768x512.jpg 768w, http:\/\/www.asinoxdecor.com.br\/site\/wp-content\/uploads\/2017\/08\/58.jpg 900w\" sizes=\"(max-width: 300px) 100vw, 300px\" \/><\/a>\n\t\t\t<\/dt><\/dl><dl class='gallery-item'>\n\t\t\t<dt class='gallery-icon portrait'>\n\t\t\t\t<a data-description='' title='119' href='http:\/\/www.asinoxdecor.com.br\/site\/wp-content\/uploads\/2017\/08\/119.jpg'><img loading=\"lazy\" decoding=\"async\" width=\"225\" height=\"300\" src=\"http:\/\/www.asinoxdecor.com.br\/site\/wp-content\/uploads\/2017\/08\/119-225x300.jpg\" class=\"attachment-medium size-medium\" alt=\"\" srcset=\"http:\/\/www.asinoxdecor.com.br\/site\/wp-content\/uploads\/2017\/08\/119-225x300.jpg 225w, http:\/\/www.asinoxdecor.com.br\/site\/wp-content\/uploads\/2017\/08\/119.jpg 525w\" sizes=\"(max-width: 225px) 100vw, 225px\" \/><\/a>\n\t\t\t<\/dt><\/dl><dl class='gallery-item'>\n\t\t\t<dt class='gallery-icon portrait'>\n\t\t\t\t<a data-description='' title='175' href='http:\/\/www.asinoxdecor.com.br\/site\/wp-content\/uploads\/2017\/08\/175.jpg'><img loading=\"lazy\" decoding=\"async\" width=\"169\" height=\"300\" src=\"http:\/\/www.asinoxdecor.com.br\/site\/wp-content\/uploads\/2017\/08\/175-169x300.jpg\" class=\"attachment-medium size-medium\" alt=\"\" srcset=\"http:\/\/www.asinoxdecor.com.br\/site\/wp-content\/uploads\/2017\/08\/175-169x300.jpg 169w, http:\/\/www.asinoxdecor.com.br\/site\/wp-content\/uploads\/2017\/08\/175.jpg 394w\" sizes=\"(max-width: 169px) 100vw, 169px\" \/><\/a>\n\t\t\t<\/dt><\/dl><br style=\"clear: both\" \/><dl class='gallery-item'>\n\t\t\t<dt class='gallery-icon portrait'>\n\t\t\t\t<a data-description='' title='moveis_complementos_3' href='http:\/\/www.asinoxdecor.com.br\/site\/wp-content\/uploads\/2017\/08\/moveis_complementos_3.jpg'><img loading=\"lazy\" decoding=\"async\" width=\"168\" height=\"300\" src=\"http:\/\/www.asinoxdecor.com.br\/site\/wp-content\/uploads\/2017\/08\/moveis_complementos_3-168x300.jpg\" class=\"attachment-medium size-medium\" alt=\"\" srcset=\"http:\/\/www.asinoxdecor.com.br\/site\/wp-content\/uploads\/2017\/08\/moveis_complementos_3-168x300.jpg 168w, http:\/\/www.asinoxdecor.com.br\/site\/wp-content\/uploads\/2017\/08\/moveis_complementos_3.jpg 393w\" sizes=\"(max-width: 168px) 100vw, 168px\" \/><\/a>\n\t\t\t<\/dt><\/dl><dl class='gallery-item'>\n\t\t\t<dt class='gallery-icon portrait'>\n\t\t\t\t<a data-description='' title='moveis_complementos_11' href='http:\/\/www.asinoxdecor.com.br\/site\/wp-content\/uploads\/2017\/08\/moveis_complementos_11.jpg'><img loading=\"lazy\" decoding=\"async\" width=\"169\" height=\"300\" src=\"http:\/\/www.asinoxdecor.com.br\/site\/wp-content\/uploads\/2017\/08\/moveis_complementos_11-169x300.jpg\" class=\"attachment-medium size-medium\" alt=\"\" srcset=\"http:\/\/www.asinoxdecor.com.br\/site\/wp-content\/uploads\/2017\/08\/moveis_complementos_11-169x300.jpg 169w, http:\/\/www.asinoxdecor.com.br\/site\/wp-content\/uploads\/2017\/08\/moveis_complementos_11.jpg 394w\" sizes=\"(max-width: 169px) 100vw, 169px\" \/><\/a>\n\t\t\t<\/dt><\/dl><dl class='gallery-item'>\n\t\t\t<dt class='gallery-icon portrait'>\n\t\t\t\t<a data-description='' title='moveis_complementos_12' href='http:\/\/www.asinoxdecor.com.br\/site\/wp-content\/uploads\/2017\/08\/moveis_complementos_12.jpg'><img loading=\"lazy\" decoding=\"async\" width=\"169\" height=\"300\" src=\"http:\/\/www.asinoxdecor.com.br\/site\/wp-content\/uploads\/2017\/08\/moveis_complementos_12-169x300.jpg\" class=\"attachment-medium size-medium\" alt=\"\" srcset=\"http:\/\/www.asinoxdecor.com.br\/site\/wp-content\/uploads\/2017\/08\/moveis_complementos_12-169x300.jpg 169w, http:\/\/www.asinoxdecor.com.br\/site\/wp-content\/uploads\/2017\/08\/moveis_complementos_12.jpg 394w\" sizes=\"(max-width: 169px) 100vw, 169px\" \/><\/a>\n\t\t\t<\/dt><\/dl><br style=\"clear: both\" \/>\n\t\t<\/div>\n\n<p>[\/vc_column_text][\/vc_column][\/vc_row]<\/p>\n","protected":false},"excerpt":{"rendered":"<p>[vc_row][vc_column width=&#8221;1\/2&#8243;][vc_column_text css_animation=&#8221;left-to-right&#8221;] [\/vc_column_text][\/vc_column][vc_column width=&#8221;1\/2&#8243;][vc_column_text css_animation=&#8221;right-to-left&#8221;] Executamos todos os tipos de mobili\u00e1rios e complementos em a\u00e7o carbono e em a\u00e7o inox, com acabamentos polidos, escovados ou com pintura que vai desde o preto b\u00e1sico at\u00e9 aos tons metalizados: cobre, dourado, Red Gold, Rose, etc. [\/vc_column_text][\/vc_column][\/vc_row][vc_row][vc_column][vc_column_text css_animation=&#8221;bottom-to-top&#8221;] [\/vc_column_text][\/vc_column][\/vc_row]<\/p>\n","protected":false},"author":1,"featured_media":0,"parent":12,"menu_order":0,"comment_status":"closed","ping_status":"closed","template":"","meta":{"footnotes":""},"_links":{"self":[{"href":"http:\/\/www.asinoxdecor.com.br\/site\/wp-json\/wp\/v2\/pages\/53"}],"collection":[{"href":"http:\/\/www.asinoxdecor.com.br\/site\/wp-json\/wp\/v2\/pages"}],"about":[{"href":"http:\/\/www.asinoxdecor.com.br\/site\/wp-json\/wp\/v2\/types\/page"}],"author":[{"embeddable":true,"href":"http:\/\/www.asinoxdecor.com.br\/site\/wp-json\/wp\/v2\/users\/1"}],"replies":[{"embeddable":true,"href":"http:\/\/www.asinoxdecor.com.br\/site\/wp-json\/wp\/v2\/comments?post=53"}],"version-history":[{"count":8,"href":"http:\/\/www.asinoxdecor.com.br\/site\/wp-json\/wp\/v2\/pages\/53\/revisions"}],"predecessor-version":[{"id":706,"href":"http:\/\/www.asinoxdecor.com.br\/site\/wp-json\/wp\/v2\/pages\/53\/revisions\/706"}],"up":[{"embeddable":true,"href":"http:\/\/www.asinoxdecor.com.br\/site\/wp-json\/wp\/v2\/pages\/12"}],"wp:attachment":[{"href":"http:\/\/www.asinoxdecor.com.br\/site\/wp-json\/wp\/v2\/media?parent=53"}],"curies":[{"name":"wp","href":"https:\/\/api.w.org\/{rel}","templated":true}]}}