{"id":45,"date":"2017-08-14T11:52:21","date_gmt":"2017-08-14T14:52:21","guid":{"rendered":"http:\/\/www.asinoxdecor.com.br\/site\/?page_id=45"},"modified":"2017-12-13T17:55:02","modified_gmt":"2017-12-13T19:55:02","slug":"acessorios-para-churrasco","status":"publish","type":"page","link":"http:\/\/www.asinoxdecor.com.br\/site\/nossos-produtos\/acessorios-para-churrasco\/","title":{"rendered":"Acess\u00f3rios para Churrasco"},"content":{"rendered":"<p>[vc_row][vc_column][vc_column_text css_animation=&#8221;bottom-to-top&#8221;]<\/p>\n<p style=\"text-align: justify;\">Os acess\u00f3rios para churrasqueiras s\u00e3o fabricados em inox 304 com acabamento polido ou escovado, sob medida conforme necessidade e limita\u00e7\u00f5es para cada espa\u00e7o.<\/p>\n<p>[\/vc_column_text][\/vc_column][\/vc_row][vc_row][vc_column width=&#8221;2\/3&#8243;][vc_column_text css_animation=&#8221;left-to-right&#8221;]<\/p>\n\n\t\t<style type=\"text\/css\">\n\t\t\t#gallery-1 {\n\t\t\t\tmargin: auto;\n\t\t\t}\n\t\t\t#gallery-1 .gallery-item {\n\t\t\t\tfloat: left;\n\t\t\t\tmargin-top: 10px;\n\t\t\t\ttext-align: center;\n\t\t\t\twidth: 33%;\n\t\t\t}\n\t\t\t#gallery-1 img {\n\t\t\t\tborder: 2px solid #cfcfcf;\n\t\t\t}\n\t\t\t#gallery-1 .gallery-caption {\n\t\t\t\tmargin-left: 0;\n\t\t\t}\n\t\t\t\/* see gallery_shortcode() in wp-includes\/media.php *\/\n\t\t<\/style>\n\t\t<div id='gallery-1' class='gallery galleryid-244 gallery-columns-3 gallery-size-medium'><dl class='gallery-item'>\n\t\t\t<dt class='gallery-icon landscape'>\n\t\t\t\t<a data-description='' title='021' href='http:\/\/www.asinoxdecor.com.br\/site\/wp-content\/uploads\/2017\/08\/021-2.jpg'><img loading=\"lazy\" decoding=\"async\" width=\"300\" height=\"169\" src=\"http:\/\/www.asinoxdecor.com.br\/site\/wp-content\/uploads\/2017\/08\/021-2-300x169.jpg\" class=\"attachment-medium size-medium\" alt=\"\" srcset=\"http:\/\/www.asinoxdecor.com.br\/site\/wp-content\/uploads\/2017\/08\/021-2-300x169.jpg 300w, http:\/\/www.asinoxdecor.com.br\/site\/wp-content\/uploads\/2017\/08\/021-2-768x432.jpg 768w, http:\/\/www.asinoxdecor.com.br\/site\/wp-content\/uploads\/2017\/08\/021-2.jpg 900w\" sizes=\"(max-width: 300px) 100vw, 300px\" \/><\/a>\n\t\t\t<\/dt><\/dl><dl class='gallery-item'>\n\t\t\t<dt class='gallery-icon landscape'>\n\t\t\t\t<a data-description='' title='026' href='http:\/\/www.asinoxdecor.com.br\/site\/wp-content\/uploads\/2017\/08\/026.jpg'><img loading=\"lazy\" decoding=\"async\" width=\"300\" height=\"169\" src=\"http:\/\/www.asinoxdecor.com.br\/site\/wp-content\/uploads\/2017\/08\/026-300x169.jpg\" class=\"attachment-medium size-medium\" alt=\"\" srcset=\"http:\/\/www.asinoxdecor.com.br\/site\/wp-content\/uploads\/2017\/08\/026-300x169.jpg 300w, http:\/\/www.asinoxdecor.com.br\/site\/wp-content\/uploads\/2017\/08\/026-768x432.jpg 768w, http:\/\/www.asinoxdecor.com.br\/site\/wp-content\/uploads\/2017\/08\/026.jpg 900w\" sizes=\"(max-width: 300px) 100vw, 300px\" \/><\/a>\n\t\t\t<\/dt><\/dl><dl class='gallery-item'>\n\t\t\t<dt class='gallery-icon landscape'>\n\t\t\t\t<a data-description='' title='121' href='http:\/\/www.asinoxdecor.com.br\/site\/wp-content\/uploads\/2017\/08\/121.jpg'><img loading=\"lazy\" decoding=\"async\" width=\"300\" height=\"169\" src=\"http:\/\/www.asinoxdecor.com.br\/site\/wp-content\/uploads\/2017\/08\/121-300x169.jpg\" class=\"attachment-medium size-medium\" alt=\"\" srcset=\"http:\/\/www.asinoxdecor.com.br\/site\/wp-content\/uploads\/2017\/08\/121-300x169.jpg 300w, http:\/\/www.asinoxdecor.com.br\/site\/wp-content\/uploads\/2017\/08\/121-768x432.jpg 768w, http:\/\/www.asinoxdecor.com.br\/site\/wp-content\/uploads\/2017\/08\/121.jpg 900w\" sizes=\"(max-width: 300px) 100vw, 300px\" \/><\/a>\n\t\t\t<\/dt><\/dl><br style=\"clear: both\" \/><dl class='gallery-item'>\n\t\t\t<dt class='gallery-icon landscape'>\n\t\t\t\t<a data-description='' title='204' href='http:\/\/www.asinoxdecor.com.br\/site\/wp-content\/uploads\/2017\/08\/204.jpg'><img loading=\"lazy\" decoding=\"async\" width=\"300\" height=\"169\" src=\"http:\/\/www.asinoxdecor.com.br\/site\/wp-content\/uploads\/2017\/08\/204-300x169.jpg\" class=\"attachment-medium size-medium\" alt=\"\" srcset=\"http:\/\/www.asinoxdecor.com.br\/site\/wp-content\/uploads\/2017\/08\/204-300x169.jpg 300w, http:\/\/www.asinoxdecor.com.br\/site\/wp-content\/uploads\/2017\/08\/204-768x432.jpg 768w, http:\/\/www.asinoxdecor.com.br\/site\/wp-content\/uploads\/2017\/08\/204.jpg 900w\" sizes=\"(max-width: 300px) 100vw, 300px\" \/><\/a>\n\t\t\t<\/dt><\/dl><dl class='gallery-item'>\n\t\t\t<dt class='gallery-icon landscape'>\n\t\t\t\t<a data-description='' title='123' href='http:\/\/www.asinoxdecor.com.br\/site\/wp-content\/uploads\/2017\/08\/123.jpg'><img loading=\"lazy\" decoding=\"async\" width=\"300\" height=\"169\" src=\"http:\/\/www.asinoxdecor.com.br\/site\/wp-content\/uploads\/2017\/08\/123-300x169.jpg\" class=\"attachment-medium size-medium\" alt=\"\" srcset=\"http:\/\/www.asinoxdecor.com.br\/site\/wp-content\/uploads\/2017\/08\/123-300x169.jpg 300w, http:\/\/www.asinoxdecor.com.br\/site\/wp-content\/uploads\/2017\/08\/123-768x432.jpg 768w, http:\/\/www.asinoxdecor.com.br\/site\/wp-content\/uploads\/2017\/08\/123.jpg 900w\" sizes=\"(max-width: 300px) 100vw, 300px\" \/><\/a>\n\t\t\t<\/dt><\/dl>\n\t\t\t<br style='clear: both' \/>\n\t\t<\/div>\n\n<p>[\/vc_column_text][\/vc_column][vc_column width=&#8221;1\/3&#8243;][vc_column_text css_animation=&#8221;right-to-left&#8221;]<\/p>\n<p style=\"text-align: justify;\">Grelhas barra redonda maci\u00e7a com cabo de madeira<br \/>\nGrelha barra redonda maci\u00e7a com cabo de inox<br \/>\nGrelha furo moeda com cabo de inox<br \/>\nGrelha furo moeda com cabo de madeira<br \/>\nGrelha argentina<br \/>\nEspeto uma haste p\/ petiscos<br \/>\nEspeto duas hastes<br \/>\nEspeto com uma barra chata<br \/>\nEspeto para costela<br \/>\nSuporte para grelhas e espetos<br \/>\nTampas de churrasqueiras sistema com im\u00e3<br \/>\nVistas de churrasqueiras<br \/>\nPorta espetos<\/p>\n<p>[\/vc_column_text][\/vc_column][\/vc_row]<\/p>\n","protected":false},"excerpt":{"rendered":"<p>[vc_row][vc_column][vc_column_text css_animation=&#8221;bottom-to-top&#8221;] Os acess\u00f3rios para churrasqueiras s\u00e3o fabricados em inox 304 com acabamento polido ou escovado, sob medida conforme necessidade e limita\u00e7\u00f5es para cada espa\u00e7o. [\/vc_column_text][\/vc_column][\/vc_row][vc_row][vc_column width=&#8221;2\/3&#8243;][vc_column_text css_animation=&#8221;left-to-right&#8221;] [\/vc_column_text][\/vc_column][vc_column width=&#8221;1\/3&#8243;][vc_column_text css_animation=&#8221;right-to-left&#8221;] Grelhas barra redonda maci\u00e7a com cabo de madeira Grelha barra redonda maci\u00e7a com cabo de inox Grelha furo moeda com cabo de inox Grelha [&hellip;]<\/p>\n","protected":false},"author":1,"featured_media":0,"parent":12,"menu_order":0,"comment_status":"closed","ping_status":"closed","template":"","meta":{"footnotes":""},"_links":{"self":[{"href":"http:\/\/www.asinoxdecor.com.br\/site\/wp-json\/wp\/v2\/pages\/45"}],"collection":[{"href":"http:\/\/www.asinoxdecor.com.br\/site\/wp-json\/wp\/v2\/pages"}],"about":[{"href":"http:\/\/www.asinoxdecor.com.br\/site\/wp-json\/wp\/v2\/types\/page"}],"author":[{"embeddable":true,"href":"http:\/\/www.asinoxdecor.com.br\/site\/wp-json\/wp\/v2\/users\/1"}],"replies":[{"embeddable":true,"href":"http:\/\/www.asinoxdecor.com.br\/site\/wp-json\/wp\/v2\/comments?post=45"}],"version-history":[{"count":10,"href":"http:\/\/www.asinoxdecor.com.br\/site\/wp-json\/wp\/v2\/pages\/45\/revisions"}],"predecessor-version":[{"id":569,"href":"http:\/\/www.asinoxdecor.com.br\/site\/wp-json\/wp\/v2\/pages\/45\/revisions\/569"}],"up":[{"embeddable":true,"href":"http:\/\/www.asinoxdecor.com.br\/site\/wp-json\/wp\/v2\/pages\/12"}],"wp:attachment":[{"href":"http:\/\/www.asinoxdecor.com.br\/site\/wp-json\/wp\/v2\/media?parent=45"}],"curies":[{"name":"wp","href":"https:\/\/api.w.org\/{rel}","templated":true}]}}