{"id":43,"date":"2017-08-14T11:52:03","date_gmt":"2017-08-14T14:52:03","guid":{"rendered":"http:\/\/www.asinoxdecor.com.br\/site\/?page_id=43"},"modified":"2017-09-29T17:05:07","modified_gmt":"2017-09-29T20:05:07","slug":"acessorios-banheiro","status":"publish","type":"page","link":"http:\/\/www.asinoxdecor.com.br\/site\/nossos-produtos\/acessorios-banheiro\/","title":{"rendered":"Acess\u00f3rios para banheiro"},"content":{"rendered":"<p>\n\t\t<style type=\"text\/css\">\n\t\t\t#gallery-1 {\n\t\t\t\tmargin: auto;\n\t\t\t}\n\t\t\t#gallery-1 .gallery-item {\n\t\t\t\tfloat: left;\n\t\t\t\tmargin-top: 10px;\n\t\t\t\ttext-align: center;\n\t\t\t\twidth: 33%;\n\t\t\t}\n\t\t\t#gallery-1 img {\n\t\t\t\tborder: 2px solid #cfcfcf;\n\t\t\t}\n\t\t\t#gallery-1 .gallery-caption {\n\t\t\t\tmargin-left: 0;\n\t\t\t}\n\t\t\t\/* see gallery_shortcode() in wp-includes\/media.php *\/\n\t\t<\/style>\n\t\t<div id='gallery-1' class='gallery galleryid-121 gallery-columns-3 gallery-size-medium'><dl class='gallery-item'>\n\t\t\t<dt class='gallery-icon landscape'>\n\t\t\t\t<a data-description='' title='' href='http:\/\/www.asinoxdecor.com.br\/site\/wp-content\/uploads\/2017\/08\/164a.jpg'><img loading=\"lazy\" decoding=\"async\" width=\"300\" height=\"169\" src=\"http:\/\/www.asinoxdecor.com.br\/site\/wp-content\/uploads\/2017\/08\/164a-300x169.jpg\" class=\"attachment-medium size-medium\" alt=\"\" srcset=\"http:\/\/www.asinoxdecor.com.br\/site\/wp-content\/uploads\/2017\/08\/164a-300x169.jpg 300w, http:\/\/www.asinoxdecor.com.br\/site\/wp-content\/uploads\/2017\/08\/164a-768x432.jpg 768w, http:\/\/www.asinoxdecor.com.br\/site\/wp-content\/uploads\/2017\/08\/164a.jpg 900w\" sizes=\"(max-width: 300px) 100vw, 300px\" \/><\/a>\n\t\t\t<\/dt><\/dl><dl class='gallery-item'>\n\t\t\t<dt class='gallery-icon landscape'>\n\t\t\t\t<a data-description='' title='20476223_784769945063722_3155203177642885027_n' href='http:\/\/www.asinoxdecor.com.br\/site\/wp-content\/uploads\/2017\/08\/20476223_784769945063722_3155203177642885027_n.jpg'><img loading=\"lazy\" decoding=\"async\" width=\"300\" height=\"169\" src=\"http:\/\/www.asinoxdecor.com.br\/site\/wp-content\/uploads\/2017\/08\/20476223_784769945063722_3155203177642885027_n-300x169.jpg\" class=\"attachment-medium size-medium\" alt=\"\" srcset=\"http:\/\/www.asinoxdecor.com.br\/site\/wp-content\/uploads\/2017\/08\/20476223_784769945063722_3155203177642885027_n-300x169.jpg 300w, http:\/\/www.asinoxdecor.com.br\/site\/wp-content\/uploads\/2017\/08\/20476223_784769945063722_3155203177642885027_n-768x432.jpg 768w, http:\/\/www.asinoxdecor.com.br\/site\/wp-content\/uploads\/2017\/08\/20476223_784769945063722_3155203177642885027_n.jpg 960w\" sizes=\"(max-width: 300px) 100vw, 300px\" \/><\/a>\n\t\t\t<\/dt><\/dl><dl class='gallery-item'>\n\t\t\t<dt class='gallery-icon landscape'>\n\t\t\t\t<a data-description='' title='20375910_784769918397058_3823623818311270876_n' href='http:\/\/www.asinoxdecor.com.br\/site\/wp-content\/uploads\/2017\/08\/20375910_784769918397058_3823623818311270876_n.jpg'><img loading=\"lazy\" decoding=\"async\" width=\"300\" height=\"169\" src=\"http:\/\/www.asinoxdecor.com.br\/site\/wp-content\/uploads\/2017\/08\/20375910_784769918397058_3823623818311270876_n-300x169.jpg\" class=\"attachment-medium size-medium\" alt=\"\" srcset=\"http:\/\/www.asinoxdecor.com.br\/site\/wp-content\/uploads\/2017\/08\/20375910_784769918397058_3823623818311270876_n-300x169.jpg 300w, http:\/\/www.asinoxdecor.com.br\/site\/wp-content\/uploads\/2017\/08\/20375910_784769918397058_3823623818311270876_n-768x432.jpg 768w, http:\/\/www.asinoxdecor.com.br\/site\/wp-content\/uploads\/2017\/08\/20375910_784769918397058_3823623818311270876_n.jpg 960w\" sizes=\"(max-width: 300px) 100vw, 300px\" \/><\/a>\n\t\t\t<\/dt><\/dl><br style=\"clear: both\" \/>\n\t\t<\/div>\n<br \/>\nAcess\u00f3rios para banheiro<br \/>\nCabides<br \/>\nCabides duplos<br \/>\nBarra de Apoio Tubular<br \/>\nPapelaria v\u00e1rios tipos<br \/>\nPorta toalhas de rosto<br \/>\nPorta Papel Higi\u00eanico<br \/>\nPorta Shampoo<br \/>\nPorta Toalhas tipo bast\u00e3o<br \/>\nPorta Toalhas duplos<br \/>\nKit de acess\u00f3rios para banheiro<\/p>\n","protected":false},"excerpt":{"rendered":"<p>Acess\u00f3rios para banheiro Cabides Cabides duplos Barra de Apoio Tubular Papelaria v\u00e1rios tipos Porta toalhas de rosto Porta Papel Higi\u00eanico Porta Shampoo Porta Toalhas tipo bast\u00e3o Porta Toalhas duplos Kit de acess\u00f3rios para banheiro<\/p>\n","protected":false},"author":1,"featured_media":0,"parent":12,"menu_order":0,"comment_status":"closed","ping_status":"closed","template":"","meta":{"footnotes":""},"_links":{"self":[{"href":"http:\/\/www.asinoxdecor.com.br\/site\/wp-json\/wp\/v2\/pages\/43"}],"collection":[{"href":"http:\/\/www.asinoxdecor.com.br\/site\/wp-json\/wp\/v2\/pages"}],"about":[{"href":"http:\/\/www.asinoxdecor.com.br\/site\/wp-json\/wp\/v2\/types\/page"}],"author":[{"embeddable":true,"href":"http:\/\/www.asinoxdecor.com.br\/site\/wp-json\/wp\/v2\/users\/1"}],"replies":[{"embeddable":true,"href":"http:\/\/www.asinoxdecor.com.br\/site\/wp-json\/wp\/v2\/comments?post=43"}],"version-history":[{"count":5,"href":"http:\/\/www.asinoxdecor.com.br\/site\/wp-json\/wp\/v2\/pages\/43\/revisions"}],"predecessor-version":[{"id":274,"href":"http:\/\/www.asinoxdecor.com.br\/site\/wp-json\/wp\/v2\/pages\/43\/revisions\/274"}],"up":[{"embeddable":true,"href":"http:\/\/www.asinoxdecor.com.br\/site\/wp-json\/wp\/v2\/pages\/12"}],"wp:attachment":[{"href":"http:\/\/www.asinoxdecor.com.br\/site\/wp-json\/wp\/v2\/media?parent=43"}],"curies":[{"name":"wp","href":"https:\/\/api.w.org\/{rel}","templated":true}]}}