{"id":10,"date":"2017-06-27T13:31:35","date_gmt":"2017-06-27T16:31:35","guid":{"rendered":"http:\/\/www.asinoxdecor.com.br\/site\/?page_id=10"},"modified":"2018-08-10T19:24:32","modified_gmt":"2018-08-10T22:24:32","slug":"quem-somos","status":"publish","type":"page","link":"http:\/\/www.asinoxdecor.com.br\/site\/quem-somos\/","title":{"rendered":"QUEM SOMOS"},"content":{"rendered":"<p style=\"text-align: justify;\">AS Inox Decor \u00e9 refer\u00eancia em qualidade e compet\u00eancia em servi\u00e7os.<\/p>\n<p style=\"text-align: justify;\">Uma ind\u00fastria e com\u00e9rcio de produtos metal\u00fargicos,\u00a0somos especializados na fabrica\u00e7\u00e3o de produtos em a\u00e7o inox, tais como: corrim\u00e3os, guarda corpo, pontaletes para vidro, p\u00f3rticos, puxadores, mobili\u00e1rios e complementos, utens\u00edlios para churrasco e v\u00e1rios objetos em inox.<\/p>\n<p style=\"text-align: justify;\">Trabalhamos somente com material de \u00faltima gera\u00e7\u00e3o visando sempre para a qualidade no servi\u00e7o prestado. A Inox Decor\u00a0 faz projetos personalizados em inox de forma artesanal, fazendo com que nossos produtos sejam exclusivos e diferenciados.<\/p>\n<p style=\"text-align: justify;\">Atendendo arquitetos, construtores ,vidra\u00e7arias, marcenarias, e tamb\u00e9m o cliente final.<\/p>\n<p style=\"text-align: justify;\">Solicite um or\u00e7amento sem compromisso!<\/p>\n","protected":false},"excerpt":{"rendered":"<p>AS Inox Decor \u00e9 refer\u00eancia em qualidade e compet\u00eancia em servi\u00e7os. Uma ind\u00fastria e com\u00e9rcio de produtos metal\u00fargicos,\u00a0somos especializados na fabrica\u00e7\u00e3o de produtos em a\u00e7o inox, tais como: corrim\u00e3os, guarda corpo, pontaletes para vidro, p\u00f3rticos, puxadores, mobili\u00e1rios e complementos, utens\u00edlios para churrasco e v\u00e1rios objetos em inox. Trabalhamos somente com material de \u00faltima gera\u00e7\u00e3o visando [&hellip;]<\/p>\n","protected":false},"author":1,"featured_media":0,"parent":0,"menu_order":5,"comment_status":"closed","ping_status":"closed","template":"","meta":{"footnotes":""},"_links":{"self":[{"href":"http:\/\/www.asinoxdecor.com.br\/site\/wp-json\/wp\/v2\/pages\/10"}],"collection":[{"href":"http:\/\/www.asinoxdecor.com.br\/site\/wp-json\/wp\/v2\/pages"}],"about":[{"href":"http:\/\/www.asinoxdecor.com.br\/site\/wp-json\/wp\/v2\/types\/page"}],"author":[{"embeddable":true,"href":"http:\/\/www.asinoxdecor.com.br\/site\/wp-json\/wp\/v2\/users\/1"}],"replies":[{"embeddable":true,"href":"http:\/\/www.asinoxdecor.com.br\/site\/wp-json\/wp\/v2\/comments?post=10"}],"version-history":[{"count":5,"href":"http:\/\/www.asinoxdecor.com.br\/site\/wp-json\/wp\/v2\/pages\/10\/revisions"}],"predecessor-version":[{"id":769,"href":"http:\/\/www.asinoxdecor.com.br\/site\/wp-json\/wp\/v2\/pages\/10\/revisions\/769"}],"wp:attachment":[{"href":"http:\/\/www.asinoxdecor.com.br\/site\/wp-json\/wp\/v2\/media?parent=10"}],"curies":[{"name":"wp","href":"https:\/\/api.w.org\/{rel}","templated":true}]}}